{"id":3045,"date":"2022-01-25T15:35:12","date_gmt":"2022-01-25T15:35:12","guid":{"rendered":"https:\/\/savior-europe.com\/?page_id=3045"},"modified":"2022-05-21T15:10:14","modified_gmt":"2022-05-21T15:10:14","slug":"garantie","status":"publish","type":"page","link":"https:\/\/savior-europe.com\/en\/garantie\/","title":{"rendered":"WARRANTY"},"content":{"rendered":"<div class=\"wpb-content-wrapper\"><div class=\"vc_row wpb_row vc_row-fluid\"><div class=\"wpb_column vc_column_container vc_col-sm-12\"><div class=\"vc_column-inner\"><div class=\"wpb_wrapper\">\n\t<div class=\"wpb_text_column wpb_content_element vc_custom_1643125381288\" >\n\t\t<div class=\"wpb_wrapper\">\n\t\t\t<p style=\"color: #fff;\">The warranty for all products is 2 years.<br \/>\nExcluded are rechargeable batteries, which are subject to special regulations.<br \/>\nThe warranty for the rechargeable batteries is 6 months.<br \/>\nWe recommend that you charge the batteries every 6 months, as regular charging increases the service life.<\/p>\n\n\t\t<\/div>\n\t<\/div>\n<\/div><\/div><\/div><\/div>\n<\/div>","protected":false},"excerpt":{"rendered":"Die Garantie betr\u00e4gt bei allen Produkten 2 Jahre. Ausgenommen sind Akkus, welche besonderen Bestimmungen unterliegen. Die Garantie f\u00fcr die Akkus betr\u00e4gt 6 Monate. Wir empfehlen Ihnen<span class=\"excerpt-hellip\"> [\u2026]<\/span>","protected":false},"author":27,"featured_media":0,"parent":0,"menu_order":0,"comment_status":"closed","ping_status":"closed","template":"","meta":{"om_disable_all_campaigns":false,"_monsterinsights_skip_tracking":false,"_monsterinsights_sitenote_active":false,"_monsterinsights_sitenote_note":"","_monsterinsights_sitenote_category":0,"footnotes":""},"class_list":["post-3045","page","type-page","status-publish","hentry"],"aioseo_notices":[],"_links":{"self":[{"href":"https:\/\/savior-europe.com\/en\/wp-json\/wp\/v2\/pages\/3045","targetHints":{"allow":["GET"]}}],"collection":[{"href":"https:\/\/savior-europe.com\/en\/wp-json\/wp\/v2\/pages"}],"about":[{"href":"https:\/\/savior-europe.com\/en\/wp-json\/wp\/v2\/types\/page"}],"author":[{"embeddable":true,"href":"https:\/\/savior-europe.com\/en\/wp-json\/wp\/v2\/users\/27"}],"replies":[{"embeddable":true,"href":"https:\/\/savior-europe.com\/en\/wp-json\/wp\/v2\/comments?post=3045"}],"version-history":[{"count":0,"href":"https:\/\/savior-europe.com\/en\/wp-json\/wp\/v2\/pages\/3045\/revisions"}],"wp:attachment":[{"href":"https:\/\/savior-europe.com\/en\/wp-json\/wp\/v2\/media?parent=3045"}],"curies":[{"name":"wp","href":"https:\/\/api.w.org\/{rel}","templated":true}]}}