{"id":3601,"date":"2022-05-21T12:19:10","date_gmt":"2022-05-21T12:19:10","guid":{"rendered":"https:\/\/savior-europe.com\/?post_type=product&#038;p=3601"},"modified":"2026-01-29T12:49:13","modified_gmt":"2026-01-29T12:49:13","slug":"beheizbare-handschuhe-shgs18","status":"publish","type":"product","link":"https:\/\/savior-europe.com\/en\/product\/beheizbare-handschuhe-shgs18\/","title":{"rendered":"Thunder &#8211; SHGS18"},"content":{"rendered":"<h4><strong><span class=\"a_GcMg font-feature-liga-off font-feature-clig-off font-feature-calt-off text-decoration-none text-strikethrough-none\">Unisex<\/span><\/strong><\/h4>\n<p><strong>Material:<\/strong> Milk silk<\/p>\n<p><strong>Heating temperature:<\/strong> 40 &#8211; 65\u00b0 C.<\/p>\n<p><strong>Heating time:<\/strong> 2 \u2013 7 hours<\/p>\n<p><strong>Heating area:<\/strong>\u00a0Fingertips and back of the hand<\/p>\n<p><strong>Qualit\u00e4t:<\/strong> breathable, wearresistant, thin<\/p>\n<p><strong>Einsatzbereich:<\/strong> Cycling, motorcycling, fishing, skiing, snow removal, hiking, horse riding, golf and other outdoor sports.<\/p>","protected":false},"excerpt":{"rendered":"<p>Unisex Material: Milchseide Heiztemperatur: 40 &#8211; 65\u00b0 C. Heizdauer: 2 &#8211; 7 Stunden Heizbereich:\u00a0Fingerspitzen und Handr\u00fccken Qualit\u00e4t: atmungsaktiv, verschleissfest Einsatzbereich: Radfahren, Motorradfahren, Angeln, Skifahren, Schneer\u00e4umen, Wandern,<span class=\"excerpt-hellip\"> [\u2026]<\/span><\/p>","protected":false},"featured_media":3856,"comment_status":"open","ping_status":"closed","template":"","meta":{"om_disable_all_campaigns":false,"_monsterinsights_skip_tracking":false,"_monsterinsights_sitenote_active":false,"_monsterinsights_sitenote_note":"","_monsterinsights_sitenote_category":0},"product_brand":[],"product_cat":[21,22],"product_tag":[],"class_list":{"0":"post-3601","1":"product","2":"type-product","3":"status-publish","4":"has-post-thumbnail","6":"product_cat-handschuhe","7":"product_cat-ski","9":"first","10":"instock","11":"taxable","12":"shipping-taxable","13":"purchasable","14":"product-type-variable"},"aioseo_notices":[],"_links":{"self":[{"href":"https:\/\/savior-europe.com\/en\/wp-json\/wp\/v2\/product\/3601","targetHints":{"allow":["GET"]}}],"collection":[{"href":"https:\/\/savior-europe.com\/en\/wp-json\/wp\/v2\/product"}],"about":[{"href":"https:\/\/savior-europe.com\/en\/wp-json\/wp\/v2\/types\/product"}],"replies":[{"embeddable":true,"href":"https:\/\/savior-europe.com\/en\/wp-json\/wp\/v2\/comments?post=3601"}],"wp:featuredmedia":[{"embeddable":true,"href":"https:\/\/savior-europe.com\/en\/wp-json\/wp\/v2\/media\/3856"}],"wp:attachment":[{"href":"https:\/\/savior-europe.com\/en\/wp-json\/wp\/v2\/media?parent=3601"}],"wp:term":[{"taxonomy":"product_brand","embeddable":true,"href":"https:\/\/savior-europe.com\/en\/wp-json\/wp\/v2\/product_brand?post=3601"},{"taxonomy":"product_cat","embeddable":true,"href":"https:\/\/savior-europe.com\/en\/wp-json\/wp\/v2\/product_cat?post=3601"},{"taxonomy":"product_tag","embeddable":true,"href":"https:\/\/savior-europe.com\/en\/wp-json\/wp\/v2\/product_tag?post=3601"}],"curies":[{"name":"wp","href":"https:\/\/api.w.org\/{rel}","templated":true}]}}