{"id":860,"date":"2021-01-14T14:31:04","date_gmt":"2021-01-14T14:31:04","guid":{"rendered":"https:\/\/savior-europe.com\/?post_type=product&#038;p=860"},"modified":"2025-01-17T09:57:12","modified_gmt":"2025-01-17T09:57:12","slug":"beheizte-socken-ss02b","status":"publish","type":"product","link":"https:\/\/savior-europe.com\/en\/product\/beheizte-socken-ss02b\/","title":{"rendered":"Oslo &#8211; SS02B"},"content":{"rendered":"<p><strong>Material:<\/strong> Coolmax<\/p>\n<p><strong>Heating temperature:<\/strong> 40 &#8211; 65\u00b0 C<\/p>\n<p><strong>Heating time:<\/strong> 3,5 &#8211; 8 Stunden<\/p>\n<p><strong>Heating area:<\/strong> forefoot \/ toes \/ soles of the feet<\/p>\n<p><strong>Qualit\u00e4t:<\/strong> atmungsaktiv, saugf\u00e4hig, schnelltrocknend, elastisch<\/p>\n<p><strong>Einsatzbereich:<\/strong> Outdoor Aktivit\u00e4ten, Schneesport<\/p>\n<div id=\"gtx-trans\" style=\"position: absolute; left: 99px; top: 323px;\">\n<div class=\"gtx-trans-icon\"><\/div>\n<\/div>","protected":false},"excerpt":{"rendered":"<p>Material: Coolmax Heiztemperatur: 40 &#8211; 65\u00b0 C Heizdauer: 3,5 &#8211; 8 Stunden Heizbereich: Vorderfuss \/ Zehen \/ Fusssohlen Qualit\u00e4t: atmungsaktiv, saugf\u00e4hig, schnelltrocknend, elastisch Einsatzbereich: Outdoor Aktivit\u00e4ten,<span class=\"excerpt-hellip\"> [\u2026]<\/span><\/p>","protected":false},"featured_media":3899,"comment_status":"open","ping_status":"closed","template":"","meta":{"om_disable_all_campaigns":false,"_monsterinsights_skip_tracking":false,"_monsterinsights_sitenote_active":false,"_monsterinsights_sitenote_note":"","_monsterinsights_sitenote_category":0},"product_brand":[],"product_cat":[26],"product_tag":[],"class_list":{"0":"post-860","1":"product","2":"type-product","3":"status-publish","4":"has-post-thumbnail","6":"product_cat-socken","8":"first","9":"instock","10":"taxable","11":"shipping-taxable","12":"purchasable","13":"product-type-variable"},"aioseo_notices":[],"_links":{"self":[{"href":"https:\/\/savior-europe.com\/en\/wp-json\/wp\/v2\/product\/860","targetHints":{"allow":["GET"]}}],"collection":[{"href":"https:\/\/savior-europe.com\/en\/wp-json\/wp\/v2\/product"}],"about":[{"href":"https:\/\/savior-europe.com\/en\/wp-json\/wp\/v2\/types\/product"}],"replies":[{"embeddable":true,"href":"https:\/\/savior-europe.com\/en\/wp-json\/wp\/v2\/comments?post=860"}],"wp:featuredmedia":[{"embeddable":true,"href":"https:\/\/savior-europe.com\/en\/wp-json\/wp\/v2\/media\/3899"}],"wp:attachment":[{"href":"https:\/\/savior-europe.com\/en\/wp-json\/wp\/v2\/media?parent=860"}],"wp:term":[{"taxonomy":"product_brand","embeddable":true,"href":"https:\/\/savior-europe.com\/en\/wp-json\/wp\/v2\/product_brand?post=860"},{"taxonomy":"product_cat","embeddable":true,"href":"https:\/\/savior-europe.com\/en\/wp-json\/wp\/v2\/product_cat?post=860"},{"taxonomy":"product_tag","embeddable":true,"href":"https:\/\/savior-europe.com\/en\/wp-json\/wp\/v2\/product_tag?post=860"}],"curies":[{"name":"wp","href":"https:\/\/api.w.org\/{rel}","templated":true}]}}