{"id":1061,"date":"2021-01-15T09:37:54","date_gmt":"2021-01-15T09:37:54","guid":{"rendered":"https:\/\/savior-europe.com\/?post_type=product&#038;p=1061"},"modified":"2024-09-24T12:45:27","modified_gmt":"2024-09-24T12:45:27","slug":"beheizbare-unterwaesche-shu01","status":"publish","type":"product","link":"https:\/\/savior-europe.com\/fr\/product\/beheizbare-unterwaesche-shu01\/","title":{"rendered":"Himalaya &#8211; SHU01"},"content":{"rendered":"<p><strong>Mat\u00e9riel:<\/strong> Coton et Polyester<\/p>\n<p><strong>Temp\u00e9rature de chauffage:<\/strong> 38 &#8211; 50\u00b0 C<\/p>\n<p><strong>Temps de chauffage:<\/strong> 2 \u2013 6 heures<\/p>\n<p><strong>Zone de chauffage:<\/strong> genoux, dos et taille<\/p>\n<p><strong>Qualit\u00e4t:<\/strong> atmungsaktiv, saugf\u00e4hig, schnelltrocknend<\/p>\n<p><strong>Einsatzbereich:<\/strong> Outdoor Aktivit\u00e4ten, Ski, Schneesport<\/p>\n<div id=\"gtx-trans\" style=\"position: absolute; left: -3px; top: 284px;\">\n<div class=\"gtx-trans-icon\"><\/div>\n<\/div>","protected":false},"excerpt":{"rendered":"<p>Material: Baumwolle und Polyester Heiztemperatur: 38 &#8211; 50\u00b0 C Heizdauer: 2 &#8211; 6 Stunden Heizbereich: Knie, R\u00fccken und Taille Qualit\u00e4t: atmungsaktiv, saugf\u00e4hig, schnelltrocknend Einsatzbereich: Outdoor Aktivit\u00e4ten,<span class=\"excerpt-hellip\"> [\u2026]<\/span><\/p>","protected":false},"featured_media":884,"comment_status":"open","ping_status":"closed","template":"","meta":{"om_disable_all_campaigns":false,"_monsterinsights_skip_tracking":false,"_monsterinsights_sitenote_active":false,"_monsterinsights_sitenote_note":"","_monsterinsights_sitenote_category":0},"product_brand":[],"product_cat":[27],"product_tag":[],"class_list":{"0":"post-1061","1":"product","2":"type-product","3":"status-publish","4":"has-post-thumbnail","6":"product_cat-unterwaesche","8":"first","9":"instock","10":"taxable","11":"shipping-taxable","12":"purchasable","13":"product-type-variable"},"aioseo_notices":[],"_links":{"self":[{"href":"https:\/\/savior-europe.com\/fr\/wp-json\/wp\/v2\/product\/1061","targetHints":{"allow":["GET"]}}],"collection":[{"href":"https:\/\/savior-europe.com\/fr\/wp-json\/wp\/v2\/product"}],"about":[{"href":"https:\/\/savior-europe.com\/fr\/wp-json\/wp\/v2\/types\/product"}],"replies":[{"embeddable":true,"href":"https:\/\/savior-europe.com\/fr\/wp-json\/wp\/v2\/comments?post=1061"}],"wp:featuredmedia":[{"embeddable":true,"href":"https:\/\/savior-europe.com\/fr\/wp-json\/wp\/v2\/media\/884"}],"wp:attachment":[{"href":"https:\/\/savior-europe.com\/fr\/wp-json\/wp\/v2\/media?parent=1061"}],"wp:term":[{"taxonomy":"product_brand","embeddable":true,"href":"https:\/\/savior-europe.com\/fr\/wp-json\/wp\/v2\/product_brand?post=1061"},{"taxonomy":"product_cat","embeddable":true,"href":"https:\/\/savior-europe.com\/fr\/wp-json\/wp\/v2\/product_cat?post=1061"},{"taxonomy":"product_tag","embeddable":true,"href":"https:\/\/savior-europe.com\/fr\/wp-json\/wp\/v2\/product_tag?post=1061"}],"curies":[{"name":"wp","href":"https:\/\/api.w.org\/{rel}","templated":true}]}}