{"id":2824,"date":"2021-11-22T15:29:22","date_gmt":"2021-11-22T15:29:22","guid":{"rendered":"https:\/\/savior-europe.com\/?post_type=product&#038;p=2824"},"modified":"2026-01-20T10:38:38","modified_gmt":"2026-01-20T10:38:38","slug":"beheizbare-handschuhe-shgs03","status":"publish","type":"product","link":"https:\/\/savior-europe.com\/fr\/product\/beheizbare-handschuhe-shgs03\/","title":{"rendered":"Alaska &#8211; SHGS03"},"content":{"rendered":"<h4><strong><span class=\"a_GcMg font-feature-liga-off font-feature-clig-off font-feature-calt-off text-decoration-none text-strikethrough-none\">Unisex<\/span><\/strong><\/h4>\n<p><strong>Mat\u00e9riel:<\/strong> Cuir<\/p>\n<p><strong>Temp\u00e9rature de chauffage:<\/strong> 40 &#8211; 65\u00b0 C<\/p>\n<p><strong>Temps de chauffage:<\/strong> 2 &#8211; 7 Stunden<\/p>\n<p><strong>Zone de chauffage:<\/strong>\u00a0bouts des doigts et dos de la main<\/p>\n<p><strong>Qualit\u00e4t:<\/strong> winddicht, wasserdicht, atmungsaktiv, verschleissfest<\/p>\n<p><strong>Einsatzbereich:<\/strong> Cyclisme, moto, p\u00eache, ski, d\u00e9neigement, randonn\u00e9e, \u00e9quitation, golf, utilisation hivernale et autres sports de plein air.<\/p>","protected":false},"excerpt":{"rendered":"<p>Unisex Material: Leder Heiztemperatur: 40 &#8211; 65\u00b0 C Heizdauer: 2 &#8211; 7 Stunden Heizbereich:\u00a0Fingerspitzen und Handr\u00fccken Qualit\u00e4t: winddicht, wasserdicht, atmungsaktiv, verschleissfest Einsatzbereich: Radfahren, Motorradfahren, Angeln, Skifahren,<span class=\"excerpt-hellip\"> [\u2026]<\/span><\/p>","protected":false},"featured_media":4081,"comment_status":"open","ping_status":"closed","template":"","meta":{"om_disable_all_campaigns":false,"_monsterinsights_skip_tracking":false,"_monsterinsights_sitenote_active":false,"_monsterinsights_sitenote_note":"","_monsterinsights_sitenote_category":0},"product_brand":[],"product_cat":[21,22],"product_tag":[],"class_list":{"0":"post-2824","1":"product","2":"type-product","3":"status-publish","4":"has-post-thumbnail","6":"product_cat-handschuhe","7":"product_cat-ski","9":"first","10":"instock","11":"taxable","12":"shipping-taxable","13":"purchasable","14":"product-type-variable"},"aioseo_notices":[],"_links":{"self":[{"href":"https:\/\/savior-europe.com\/fr\/wp-json\/wp\/v2\/product\/2824","targetHints":{"allow":["GET"]}}],"collection":[{"href":"https:\/\/savior-europe.com\/fr\/wp-json\/wp\/v2\/product"}],"about":[{"href":"https:\/\/savior-europe.com\/fr\/wp-json\/wp\/v2\/types\/product"}],"replies":[{"embeddable":true,"href":"https:\/\/savior-europe.com\/fr\/wp-json\/wp\/v2\/comments?post=2824"}],"wp:featuredmedia":[{"embeddable":true,"href":"https:\/\/savior-europe.com\/fr\/wp-json\/wp\/v2\/media\/4081"}],"wp:attachment":[{"href":"https:\/\/savior-europe.com\/fr\/wp-json\/wp\/v2\/media?parent=2824"}],"wp:term":[{"taxonomy":"product_brand","embeddable":true,"href":"https:\/\/savior-europe.com\/fr\/wp-json\/wp\/v2\/product_brand?post=2824"},{"taxonomy":"product_cat","embeddable":true,"href":"https:\/\/savior-europe.com\/fr\/wp-json\/wp\/v2\/product_cat?post=2824"},{"taxonomy":"product_tag","embeddable":true,"href":"https:\/\/savior-europe.com\/fr\/wp-json\/wp\/v2\/product_tag?post=2824"}],"curies":[{"name":"wp","href":"https:\/\/api.w.org\/{rel}","templated":true}]}}