{"id":2907,"date":"2021-12-03T11:31:10","date_gmt":"2021-12-03T11:31:10","guid":{"rendered":"https:\/\/savior-europe.com\/?post_type=product&#038;p=2907"},"modified":"2025-11-06T13:57:19","modified_gmt":"2025-11-06T13:57:19","slug":"beheizbare-handschuhe-sw08b","status":"publish","type":"product","link":"https:\/\/savior-europe.com\/fr\/product\/beheizbare-handschuhe-sw08b\/","title":{"rendered":"Frozen &#8211; SW08"},"content":{"rendered":"<h4><strong><span class=\"a_GcMg font-feature-liga-off font-feature-clig-off font-feature-calt-off text-strikethrough-none text-decoration-underline\">Frauenmodell <\/span><\/strong><\/h4>\n<p><strong>Mat\u00e9riel:<\/strong> Softshell et cuire de ch\u00e8vre<\/p>\n<p><strong>Temp\u00e9rature de chauffage:<\/strong> 40 &#8211; 65\u00b0 C.<\/p>\n<p><strong>Temps de chauffage:<\/strong> 2 &#8211; 7 Stunden<\/p>\n<p><strong>Zone de chauffage:<\/strong>\u00a0bouts des doigts et dos de la main<\/p>\n<p><strong>Qualit\u00e4t:<\/strong> winddicht, wasserdicht, atmungsaktiv, verschleissfest<\/p>\n<p><strong>Einsatzbereich:<\/strong> Le mod\u00e8le femme SW08B est id\u00e9al pour le v\u00e9lo, le ski, le d\u00e9neigement, la randonn\u00e9e, l'\u00e9quitation et les sports de plein air.<\/p>","protected":false},"excerpt":{"rendered":"<p>Frauenmodell Material: Softshell und Ziegenleder Heiztemperatur: 40 &#8211; 65\u00b0 C. Heizdauer: 2 &#8211; 7 Stunden Heizbereich:\u00a0Fingerspitzen und Handr\u00fccken Qualit\u00e4t: winddicht, wasserdicht, atmungsaktiv, verschleissfest Einsatzbereich: Das Frauenmodell<span class=\"excerpt-hellip\"> [\u2026]<\/span><\/p>","protected":false},"featured_media":3914,"comment_status":"open","ping_status":"closed","template":"","meta":{"om_disable_all_campaigns":false,"_monsterinsights_skip_tracking":false,"_monsterinsights_sitenote_active":false,"_monsterinsights_sitenote_note":"","_monsterinsights_sitenote_category":0},"product_brand":[],"product_cat":[21,25,22],"product_tag":[],"class_list":{"0":"post-2907","1":"product","2":"type-product","3":"status-publish","4":"has-post-thumbnail","6":"product_cat-handschuhe","7":"product_cat-outdoor","8":"product_cat-ski","10":"first","11":"instock","12":"taxable","13":"shipping-taxable","14":"purchasable","15":"product-type-variable"},"aioseo_notices":[],"_links":{"self":[{"href":"https:\/\/savior-europe.com\/fr\/wp-json\/wp\/v2\/product\/2907","targetHints":{"allow":["GET"]}}],"collection":[{"href":"https:\/\/savior-europe.com\/fr\/wp-json\/wp\/v2\/product"}],"about":[{"href":"https:\/\/savior-europe.com\/fr\/wp-json\/wp\/v2\/types\/product"}],"replies":[{"embeddable":true,"href":"https:\/\/savior-europe.com\/fr\/wp-json\/wp\/v2\/comments?post=2907"}],"wp:featuredmedia":[{"embeddable":true,"href":"https:\/\/savior-europe.com\/fr\/wp-json\/wp\/v2\/media\/3914"}],"wp:attachment":[{"href":"https:\/\/savior-europe.com\/fr\/wp-json\/wp\/v2\/media?parent=2907"}],"wp:term":[{"taxonomy":"product_brand","embeddable":true,"href":"https:\/\/savior-europe.com\/fr\/wp-json\/wp\/v2\/product_brand?post=2907"},{"taxonomy":"product_cat","embeddable":true,"href":"https:\/\/savior-europe.com\/fr\/wp-json\/wp\/v2\/product_cat?post=2907"},{"taxonomy":"product_tag","embeddable":true,"href":"https:\/\/savior-europe.com\/fr\/wp-json\/wp\/v2\/product_tag?post=2907"}],"curies":[{"name":"wp","href":"https:\/\/api.w.org\/{rel}","templated":true}]}}