{"id":2923,"date":"2021-12-06T20:32:35","date_gmt":"2021-12-06T20:32:35","guid":{"rendered":"https:\/\/savior-europe.com\/?post_type=product&#038;p=2923"},"modified":"2026-01-21T09:55:13","modified_gmt":"2026-01-21T09:55:13","slug":"beheizbare-handschuhe-shgs06","status":"publish","type":"product","link":"https:\/\/savior-europe.com\/fr\/product\/beheizbare-handschuhe-shgs06\/","title":{"rendered":"Polar &#8211; SHGS06"},"content":{"rendered":"<h4><strong><span class=\"a_GcMg font-feature-liga-off font-feature-clig-off font-feature-calt-off text-decoration-none text-strikethrough-none\">Unisex<\/span><\/strong><\/h4>\n<p><strong><span style=\"vertical-align: inherit;\">Mat\u00e9riel:<\/span><\/strong><span style=\"vertical-align: inherit;\"> Cuir de ch\u00e8vre<\/span><\/p>\n<p><strong><span style=\"vertical-align: inherit;\">Temp\u00e9rature de chauffage:<\/span><\/strong><span style=\"vertical-align: inherit;\"> 40 &#8211; 65\u00b0 C.<\/span><\/p>\n<p><strong><span style=\"vertical-align: inherit;\">Temps de chauffage:<\/span><\/strong><span style=\"vertical-align: inherit;\"> 2 &#8211; 7 Stunden <\/span><\/p>\n<p><strong><span style=\"vertical-align: inherit;\">Zone de chauffage:<\/span><\/strong><span style=\"vertical-align: inherit;\"> bouts des doigts et dos de la main<\/span><\/p>\n<p><strong>Qualit\u00e4t:<\/strong> winddicht, wasserdicht, atmungsaktiv, verschleissfest<\/p>\n<p><strong>Einsatzbereich:<\/strong> Cyclisme, moto, p\u00eache, ski, d\u00e9neigement, randonn\u00e9e, \u00e9quitation, golf, utilisation hivernale et autres sports de plein air.<\/p>","protected":false},"excerpt":{"rendered":"<p>Unisex Material: Ziegenleder Heiztemperatur: 40 &#8211; 65\u00b0 C. Heizdauer: 2 &#8211; 7 Stunden Heizbereich: Fingerspitzen und Handr\u00fccken Qualit\u00e4t: winddicht, wasserdicht, atmungsaktiv, verschleissfest Einsatzbereich: Radfahren, Motorradfahren, Angeln,<span class=\"excerpt-hellip\"> [\u2026]<\/span><\/p>","protected":false},"featured_media":3822,"comment_status":"open","ping_status":"closed","template":"","meta":{"om_disable_all_campaigns":false,"_monsterinsights_skip_tracking":false,"_monsterinsights_sitenote_active":false,"_monsterinsights_sitenote_note":"","_monsterinsights_sitenote_category":0},"product_brand":[],"product_cat":[21,25,22],"product_tag":[],"class_list":{"0":"post-2923","1":"product","2":"type-product","3":"status-publish","4":"has-post-thumbnail","6":"product_cat-handschuhe","7":"product_cat-outdoor","8":"product_cat-ski","10":"first","11":"instock","12":"taxable","13":"shipping-taxable","14":"purchasable","15":"product-type-variable"},"aioseo_notices":[],"_links":{"self":[{"href":"https:\/\/savior-europe.com\/fr\/wp-json\/wp\/v2\/product\/2923","targetHints":{"allow":["GET"]}}],"collection":[{"href":"https:\/\/savior-europe.com\/fr\/wp-json\/wp\/v2\/product"}],"about":[{"href":"https:\/\/savior-europe.com\/fr\/wp-json\/wp\/v2\/types\/product"}],"replies":[{"embeddable":true,"href":"https:\/\/savior-europe.com\/fr\/wp-json\/wp\/v2\/comments?post=2923"}],"wp:featuredmedia":[{"embeddable":true,"href":"https:\/\/savior-europe.com\/fr\/wp-json\/wp\/v2\/media\/3822"}],"wp:attachment":[{"href":"https:\/\/savior-europe.com\/fr\/wp-json\/wp\/v2\/media?parent=2923"}],"wp:term":[{"taxonomy":"product_brand","embeddable":true,"href":"https:\/\/savior-europe.com\/fr\/wp-json\/wp\/v2\/product_brand?post=2923"},{"taxonomy":"product_cat","embeddable":true,"href":"https:\/\/savior-europe.com\/fr\/wp-json\/wp\/v2\/product_cat?post=2923"},{"taxonomy":"product_tag","embeddable":true,"href":"https:\/\/savior-europe.com\/fr\/wp-json\/wp\/v2\/product_tag?post=2923"}],"curies":[{"name":"wp","href":"https:\/\/api.w.org\/{rel}","templated":true}]}}