{"id":3458,"date":"2022-04-05T14:41:10","date_gmt":"2022-04-05T14:41:10","guid":{"rendered":"https:\/\/savior-europe.com\/?post_type=product&#038;p=3458"},"modified":"2026-01-20T10:39:48","modified_gmt":"2026-01-20T10:39:48","slug":"arbeit","status":"publish","type":"product","link":"https:\/\/savior-europe.com\/fr\/product\/arbeit\/","title":{"rendered":"Ice Worker &#8211; SHWG01"},"content":{"rendered":"<h4><strong><span class=\"a_GcMg font-feature-liga-off font-feature-clig-off font-feature-calt-off text-decoration-none text-strikethrough-none\">Unisex<\/span><\/strong><\/h4>\n<p style=\"color: #4d5d71;\"><strong style=\"font-weight: bold; font-style: inherit;\">Mat\u00e9riel:<\/strong> Tissu Oxford et cuir<\/p>\n<p style=\"color: #4d5d71;\"><strong style=\"font-weight: bold; font-style: inherit;\">Temp\u00e9rature de chauffage:<\/strong>\u00a040 \u2013 65\u00b0 C<\/p>\n<p style=\"color: #4d5d71;\"><strong style=\"font-weight: bold; font-style: inherit;\"><strong>Dur\u00e9e de chauffage<\/strong>:<\/strong> 2 &#8211; 7 Stunden<\/p>\n<p style=\"color: #4d5d71;\"><strong style=\"font-weight: bold; font-style: inherit;\">Zone de chauffage:<\/strong> bouts des doigts et dos de la main<\/p>\n<p><strong>Qualit\u00e4t:<\/strong> winddicht, wasserdicht, atmungsaktiv, verschleissfest<br \/>\n<strong>Einsatzbereich:<\/strong> Le SHWG01 a \u00e9t\u00e9 con\u00e7u pour les artisans et les travailleurs qui souhaitent avoir une sensation de bien-\u00eatre pour leurs mains, m\u00eame pendant les saisons les plus froides. Notre objectif est de remplacer les gants de travail traditionnels par un produit innovant et de haute qualit\u00e9.<\/p>","protected":false},"excerpt":{"rendered":"<p>Unisex Material: Oxford-Stoff und Leder Heiztemperatur:\u00a040 \u2013 65\u00b0 C Heizdauer: 2 &#8211; 7 Stunden Heizbereich: Fingerspitzen und Handr\u00fccken Qualit\u00e4t: winddicht, wasserdicht, atmungsaktiv, verschleissfest Einsatzbereich: Der SHWG01<span class=\"excerpt-hellip\"> [\u2026]<\/span><\/p>","protected":false},"featured_media":3889,"comment_status":"open","ping_status":"closed","template":"","meta":{"om_disable_all_campaigns":false,"_monsterinsights_skip_tracking":false,"_monsterinsights_sitenote_active":false,"_monsterinsights_sitenote_note":"","_monsterinsights_sitenote_category":0},"product_brand":[],"product_cat":[21],"product_tag":[],"class_list":{"0":"post-3458","1":"product","2":"type-product","3":"status-publish","4":"has-post-thumbnail","6":"product_cat-handschuhe","8":"first","9":"outofstock","10":"taxable","11":"shipping-taxable","12":"purchasable","13":"product-type-variable"},"aioseo_notices":[],"_links":{"self":[{"href":"https:\/\/savior-europe.com\/fr\/wp-json\/wp\/v2\/product\/3458","targetHints":{"allow":["GET"]}}],"collection":[{"href":"https:\/\/savior-europe.com\/fr\/wp-json\/wp\/v2\/product"}],"about":[{"href":"https:\/\/savior-europe.com\/fr\/wp-json\/wp\/v2\/types\/product"}],"replies":[{"embeddable":true,"href":"https:\/\/savior-europe.com\/fr\/wp-json\/wp\/v2\/comments?post=3458"}],"wp:featuredmedia":[{"embeddable":true,"href":"https:\/\/savior-europe.com\/fr\/wp-json\/wp\/v2\/media\/3889"}],"wp:attachment":[{"href":"https:\/\/savior-europe.com\/fr\/wp-json\/wp\/v2\/media?parent=3458"}],"wp:term":[{"taxonomy":"product_brand","embeddable":true,"href":"https:\/\/savior-europe.com\/fr\/wp-json\/wp\/v2\/product_brand?post=3458"},{"taxonomy":"product_cat","embeddable":true,"href":"https:\/\/savior-europe.com\/fr\/wp-json\/wp\/v2\/product_cat?post=3458"},{"taxonomy":"product_tag","embeddable":true,"href":"https:\/\/savior-europe.com\/fr\/wp-json\/wp\/v2\/product_tag?post=3458"}],"curies":[{"name":"wp","href":"https:\/\/api.w.org\/{rel}","templated":true}]}}