{"id":5449,"date":"2025-08-19T12:58:04","date_gmt":"2025-08-19T12:58:04","guid":{"rendered":"https:\/\/savior-europe.com\/?post_type=product&#038;p=5449"},"modified":"2025-12-16T08:38:05","modified_gmt":"2025-12-16T08:38:05","slug":"titan-skgp03fw","status":"publish","type":"product","link":"https:\/\/savior-europe.com\/fr\/product\/titan-skgp03fw\/","title":{"rendered":"Titan &#8211; SKGP03FW"},"content":{"rendered":"<h4><strong><span class=\"a_GcMg font-feature-liga-off font-feature-clig-off font-feature-calt-off text-decoration-none text-strikethrough-none\">Unisex<\/span><\/strong><\/h4>\n<p><strong>Mat\u00e9riel:<\/strong> Cuir de ch\u00e8vre<\/p>\n<p><strong>Temp\u00e9rature de chauffage:<\/strong> 40 &#8211; 65\u00b0 C.<\/p>\n<p><strong>Temps de chauffage:<\/strong> 2.5 &#8211; 10 Stunden<\/p>\n<p><strong>Zone de chauffage:<\/strong>\u00a0bouts des doigts et dos de la main<\/p>\n<p><span class=\"a_GcMg font-feature-liga-off font-feature-clig-off font-feature-calt-off text-decoration-none text-strikethrough-none\">Handschuhe mit Bluetooth, steuerbar per <\/span><span class=\"a_GcMg font-feature-liga-off font-feature-clig-off font-feature-calt-off text-decoration-none text-strikethrough-none\">Savior Heat<\/span><span class=\"a_GcMg font-feature-liga-off font-feature-clig-off font-feature-calt-off text-decoration-none text-strikethrough-none\"> Intelligent heating App.<\/span><\/p>\n<p><strong>Qualit\u00e4t:<\/strong><\/p>\n<ul>\n<li><span class=\"a_GcMg font-feature-liga-off font-feature-clig-off font-feature-calt-off text-decoration-none text-strikethrough-none\">Wasserdicht, winddicht,<\/span> <span class=\"a_GcMg font-feature-liga-off font-feature-clig-off font-feature-calt-off text-decoration-none text-strikethrough-none\">antistatisches und weiches Strickfutter<\/span><\/li>\n<li><span class=\"a_GcMg font-feature-liga-off font-feature-clig-off font-feature-calt-off text-decoration-none text-strikethrough-none\">Wasserabweisende Au\u00dfenseite: Erm\u00f6glicht freie Bewegung bei N\u00e4sse und h\u00e4lt die H\u00e4nde trocken und komfortabel<\/span><\/li>\n<li><span class=\"a_GcMg font-feature-liga-off font-feature-clig-off font-feature-calt-off text-decoration-none text-strikethrough-none\">Tipps zur Touchscreen-Kompatibilit\u00e4t: Verwenden Sie Ihr Smartphone, ohne Ihre Handschuhe auszuziehen, und sorgen Sie so f\u00fcr W\u00e4rme und Konnektivit\u00e4t<\/span><\/li>\n<li><span class=\"a_GcMg font-feature-liga-off font-feature-clig-off font-feature-calt-off text-decoration-none text-strikethrough-none\">Verst\u00e4rkte, rutschfeste Handfl\u00e4che: Verbessert die Haltbarkeit und Griffigkeit f\u00fcr mehr Sicherheit in jeder Situation<\/span><\/li>\n<\/ul>\n<p class=\"cvGsUA direction-ltr align-start para-style-body\"><strong><span class=\"a_GcMg font-feature-liga-off font-feature-clig-off font-feature-calt-off text-decoration-none text-strikethrough-none\">Einsatzbereich:<\/span><\/strong><\/p>\n<p class=\"cvGsUA direction-ltr align-start para-style-body\"><span class=\"a_GcMg font-feature-liga-off font-feature-clig-off font-feature-calt-off text-decoration-none text-strikethrough-none\">Ski- und Snowboardfahren, Winteraktivit\u00e4ten und Outdoor-Sportarten<\/span><\/p>","protected":false},"excerpt":{"rendered":"<p>Unisex Material: Ziegenleder Heiztemperatur: 40 &#8211; 65\u00b0 C. Heizdauer: 2.5 &#8211; 10 Stunden Heizbereich:\u00a0Fingerspitzen und Handr\u00fccken Handschuhe mit Bluetooth, steuerbar per Savior Heat Intelligent heating App.<span class=\"excerpt-hellip\"> [\u2026]<\/span><\/p>","protected":false},"featured_media":5457,"comment_status":"open","ping_status":"closed","template":"","meta":{"om_disable_all_campaigns":false,"_monsterinsights_skip_tracking":false,"_monsterinsights_sitenote_active":false,"_monsterinsights_sitenote_note":"","_monsterinsights_sitenote_category":0},"product_brand":[],"product_cat":[21,175,25,22],"product_tag":[],"class_list":{"0":"post-5449","1":"product","2":"type-product","3":"status-publish","4":"has-post-thumbnail","6":"product_cat-handschuhe","7":"product_cat-neuheiten","8":"product_cat-outdoor","9":"product_cat-ski","11":"first","12":"instock","13":"taxable","14":"shipping-taxable","15":"purchasable","16":"product-type-variable"},"aioseo_notices":[],"_links":{"self":[{"href":"https:\/\/savior-europe.com\/fr\/wp-json\/wp\/v2\/product\/5449","targetHints":{"allow":["GET"]}}],"collection":[{"href":"https:\/\/savior-europe.com\/fr\/wp-json\/wp\/v2\/product"}],"about":[{"href":"https:\/\/savior-europe.com\/fr\/wp-json\/wp\/v2\/types\/product"}],"replies":[{"embeddable":true,"href":"https:\/\/savior-europe.com\/fr\/wp-json\/wp\/v2\/comments?post=5449"}],"wp:featuredmedia":[{"embeddable":true,"href":"https:\/\/savior-europe.com\/fr\/wp-json\/wp\/v2\/media\/5457"}],"wp:attachment":[{"href":"https:\/\/savior-europe.com\/fr\/wp-json\/wp\/v2\/media?parent=5449"}],"wp:term":[{"taxonomy":"product_brand","embeddable":true,"href":"https:\/\/savior-europe.com\/fr\/wp-json\/wp\/v2\/product_brand?post=5449"},{"taxonomy":"product_cat","embeddable":true,"href":"https:\/\/savior-europe.com\/fr\/wp-json\/wp\/v2\/product_cat?post=5449"},{"taxonomy":"product_tag","embeddable":true,"href":"https:\/\/savior-europe.com\/fr\/wp-json\/wp\/v2\/product_tag?post=5449"}],"curies":[{"name":"wp","href":"https:\/\/api.w.org\/{rel}","templated":true}]}}