{"id":662,"date":"2021-01-13T13:12:26","date_gmt":"2021-01-13T13:12:26","guid":{"rendered":"https:\/\/savior-europe.com\/?post_type=product&#038;p=662"},"modified":"2026-01-21T00:52:16","modified_gmt":"2026-01-21T00:52:16","slug":"beheizbare-handschuhe-s66b","status":"publish","type":"product","link":"https:\/\/savior-europe.com\/fr\/product\/beheizbare-handschuhe-s66b\/","title":{"rendered":"Snow &#8211; SHGS66B"},"content":{"rendered":"<h4><strong><span class=\"a_GcMg font-feature-liga-off font-feature-clig-off font-feature-calt-off text-decoration-none text-strikethrough-none\">Unisex<\/span><\/strong><\/h4>\n<p><strong>Mat\u00e9riel:<\/strong> Softshell et microfibre<\/p>\n<p><strong>Temp\u00e9rature de chauffage:<\/strong>\u00a040 \u2013 65\u00b0 C<\/p>\n<p><strong>Temps de chauffage:<\/strong> 2 &#8211; 7 Stunden<\/p>\n<p><strong>Zone de chauffage:<\/strong>\u00a0bouts des doigts et dos de la main<\/p>\n<p><strong>Qualit\u00e4t:<\/strong> winddicht, wasserdicht, atmungsaktiv, verschleissfest<\/p>\n<p><strong>Einsatzbereich:<\/strong> Cyclisme, moto, p\u00eache, ski, d\u00e9neigement, randonn\u00e9e, \u00e9quitation, golf, utilisation hivernale et autres sports de plein air.<\/p>","protected":false},"excerpt":{"rendered":"<p>Unisex Material: Softshell und Mikrofaser Heiztemperatur:\u00a040 \u2013 65\u00b0 C Heizdauer: 2 &#8211; 7 Stunden Heizbereich:\u00a0Fingerspitzen und Handr\u00fccken Qualit\u00e4t: winddicht, wasserdicht, atmungsaktiv, verschleissfest Einsatzbereich: Radfahren, Motorradfahren, Angeln,<span class=\"excerpt-hellip\"> [\u2026]<\/span><\/p>","protected":false},"featured_media":3860,"comment_status":"open","ping_status":"closed","template":"","meta":{"om_disable_all_campaigns":false,"_monsterinsights_skip_tracking":false,"_monsterinsights_sitenote_active":false,"_monsterinsights_sitenote_note":"","_monsterinsights_sitenote_category":0},"product_brand":[],"product_cat":[21,22],"product_tag":[],"class_list":{"0":"post-662","1":"product","2":"type-product","3":"status-publish","4":"has-post-thumbnail","6":"product_cat-handschuhe","7":"product_cat-ski","9":"first","10":"instock","11":"taxable","12":"shipping-taxable","13":"purchasable","14":"product-type-variable"},"aioseo_notices":[],"_links":{"self":[{"href":"https:\/\/savior-europe.com\/fr\/wp-json\/wp\/v2\/product\/662","targetHints":{"allow":["GET"]}}],"collection":[{"href":"https:\/\/savior-europe.com\/fr\/wp-json\/wp\/v2\/product"}],"about":[{"href":"https:\/\/savior-europe.com\/fr\/wp-json\/wp\/v2\/types\/product"}],"replies":[{"embeddable":true,"href":"https:\/\/savior-europe.com\/fr\/wp-json\/wp\/v2\/comments?post=662"}],"wp:featuredmedia":[{"embeddable":true,"href":"https:\/\/savior-europe.com\/fr\/wp-json\/wp\/v2\/media\/3860"}],"wp:attachment":[{"href":"https:\/\/savior-europe.com\/fr\/wp-json\/wp\/v2\/media?parent=662"}],"wp:term":[{"taxonomy":"product_brand","embeddable":true,"href":"https:\/\/savior-europe.com\/fr\/wp-json\/wp\/v2\/product_brand?post=662"},{"taxonomy":"product_cat","embeddable":true,"href":"https:\/\/savior-europe.com\/fr\/wp-json\/wp\/v2\/product_cat?post=662"},{"taxonomy":"product_tag","embeddable":true,"href":"https:\/\/savior-europe.com\/fr\/wp-json\/wp\/v2\/product_tag?post=662"}],"curies":[{"name":"wp","href":"https:\/\/api.w.org\/{rel}","templated":true}]}}